{"id":95,"date":"2025-05-10T02:43:49","date_gmt":"2025-05-10T02:43:49","guid":{"rendered":"http:\/\/dulcecantera.cl\/?page_id=95"},"modified":"2025-07-31T03:28:15","modified_gmt":"2025-07-31T03:28:15","slug":"home-2","status":"publish","type":"page","link":"http:\/\/dulcecantera.cl\/","title":{"rendered":"Home"},"content":{"rendered":"\n\n\n\n<p>Lorem Ipsum has been the industry&#8217;s standard dummy text ever since the 1500s.<\/p>\n\n\n\nDulce Cantera parti\u00f3 en a\u00f1o 2019 como una microempresa familiar de Las Canteras,\n<p>en las cercan\u00edas de Colina. Inici\u00f3 como una f\u00e1brica de dulces, de ah\u00ed su nombre. Su fundador fue Rafael Rodr\u00edguez, quien con su experiencia en el rubro de la pasteler\u00eda comenz\u00f3 el negocio junto a una de sus hijas.<\/p>\n<p>Un d\u00eda Francisco Avenda\u00f1o, actual socio de la empresa, le propuso a Rafael hacer empanadas para su negocio. Lo que cambi\u00f3 el rumbo de Dulce Cantera&#8230;. <\/p>\n\n\n\n\n\n\n\n<p>Nuestro men\u00fa<\/p>\n\n\n\n\n\n\n<p>Mechada queso<\/p>\n\n\n\n\n\n\n<p>Camar\u00f3n queso<\/p>\n\n\n\n\n\n\n<p>Aji de Gallina<\/p>\n\n\n\n\n\n\n<p>Longaniza<\/p>\n\n\n\n\n\n\n<p>Champi\u00f1\u00f3n, palmito y queso<\/p>\n\n\n\n\n\n\n<p>Champi\u00f1\u00f3n, palmito y choclo<\/p>\n\n\n\n\n\n\n<p>Pollo, espinaca y crema<\/p>\n\n\n\n\n\n\n<p>Pollo\/piment\u00f3n<\/p>\n\n\n\n\n\n\n\n\n<p>Pollo\/queso<\/p>\n\n\n\n\n\n\n<p>Pino<\/p>\n\n\n\n\n\n\n<p>Pino\/merk\u00e9n<\/p>\n\n\n\n\n\n\n<p>Champi\u00f1\u00f3n\/queso<\/p>\n\n\n\n\n\n\n<p>Champi\u00f1\u00f3n, crema y queso<\/p>\n\n\n\n\n\n\n<p>Queso\/aceituna<\/p>\n\n\n\n\n\n\n<p>Champi\u00f1\u00f3n, choclo y queso<\/p>\n\n\n\n\n\n\n<p>Napolitana<\/p>\n\n\n\n\n\n\n\n\n<p>Capresse<\/p>\n\n\n\n\n\n\n<p>Queso tradicional<\/p>\n\n\n\n\n\n\n<p>Queso hojaldre<\/p>\n\n\n\n\n\n\n<p>Jam\u00f3n\/queso hojaldre <\/p>\n\n\n\n\n\n\n<p>Chaparrita<\/p>\n\n\n\n\n\n\n<p>Dobladita con queso<\/p>\n\n\n\n\n\n\n<p>Vegana<\/p>\n\n\n\n\n\n\n\n\n\n\n\n<p>Horario de atenci\u00f3n<\/p>\n<p>Lunes a viernes&nbsp;<\/p>\n<p>08:00 am &#8211; 20:00 pm<\/p>\n<p>Sabado<\/p>\n<p>09:00 am &#8211; 15:00 pm<\/p>\n<p>Ubicaci\u00f3n<\/p>\n<p>Local antenci\u00f3n al p\u00fablico: <br> Valent\u00edn Letelier #1391<\/p>\n<p>Local producci\u00f3n : <br>\nZenteno #1199<\/p>\n\n\n\n\n\n\n\n\n<h2>Testimonios<\/h2>\n\n\n\n\n\n\n<p><span style=\"color: rgb(60, 64, 67); font-family: Roboto, &quot;Helvetica Neue&quot;, Arial, sans-serif; text-align: start;\">Lejos la mejor experiencia que he tenido gastronimicamente en el centro de santiago, un local bueno, barato y de excelente sabor, las empanadas dentro de las mejores que he probado en mi vida, en cuanto a la comida la especialidad la crema de zapallo.<\/span><\/p>\n\n\n<p><span style=\"color: rgb(60, 64, 67); font-family: Roboto, &quot;Helvetica Neue&quot;, Arial, sans-serif; text-align: start;\">Muy ricas las empanadas, volver\u00e9 a comprar cuando pueda<\/span><\/p>\n\n\n\n\n<p><span style=\"color: rgb(60, 64, 67); font-family: Roboto, &quot;Helvetica Neue&quot;, Arial, sans-serif; text-align: start;\">Pase un s\u00e1bado y estaba cerrado, el horario est\u00e1 malo, por eso le quito una estrella. Las empanadas y dobladitas son grandes y ricas, todo bien ah\u00ed.<br><br><br><br><\/span><\/p>\n\n\n<p><span style=\"color: rgb(60, 64, 67); font-family: Roboto, &quot;Helvetica Neue&quot;, Arial, sans-serif; text-align: start;\">Muy rico todo<br><br><\/span><\/p>\n\n\n\n\n<p><span style=\"color: rgb(60, 64, 67); font-family: Roboto, &quot;Helvetica Neue&quot;, Arial, sans-serif; text-align: start;\">Te vas a la segura con un almuerzo r\u00e1pido y barato<br><br><br><br><br><br><\/span><\/p>\n\n\n<p><span style=\"color: rgb(60, 64, 67); font-family: Roboto, &quot;Helvetica Neue&quot;, Arial, sans-serif; text-align: start;\">Muy rico y abundante&#8230;.lo recomiendo mucho<br><br><\/span><\/p>\n\n\n\n\n\n\n\n\n\n\n\n\n\n<p>Lorem Ipsum has been the industry&#8217;s standard dummy text ever since the 1500s.<\/p>\n\n\n<h4>\n<\/h4><h3><strong>@dulce_cantera_dc<\/strong><\/h3>\n\n\n\n\n\n\n\n\n\n\n\n\n\n\n\n\n\n\n\n\n\n\n\n\n\n\n\n\n\n\n\n\n\n\n\n\n\n\n\n\n\n\n\n\n\n\n\n\n\n\n\n\n<p>Lorem Ipsum has been the industry&#8217;s standard dummy text ever since the 1500s.<\/p>\n\n\n<p>Lorem Ipsum has been the industry&#8217;s standard dummy text ever since the 1500s.<\/p>\n\n\n\n\n<p>Lorem Ipsum has been the industry&#8217;s standard dummy text ever since the 1500s.<\/p>\n\n\n<p>Lorem Ipsum has been the industry&#8217;s standard dummy text ever since the 1500s.<\/p>\n\n\n\n\n<p>Lorem Ipsum has been the industry&#8217;s standard dummy text ever since the 1500s.<\/p>\n\n\n<p>Lorem Ipsum has been the industry&#8217;s standard dummy text ever since the 1500s.<\/p>\n\n\n\n\n<p>Lorem Ipsum has been the industry&#8217;s standard dummy text ever since the 1500s.<\/p>\n\n\n<p>Lorem Ipsum has been the industry&#8217;s standard dummy text ever since the 1500s.<\/p>\n\n\n\n","protected":false},"excerpt":{"rendered":"","protected":false},"author":1,"featured_media":0,"parent":0,"menu_order":0,"comment_status":"closed","ping_status":"closed","template":"","meta":{"pagelayer_contact_templates":[],"_pagelayer_content":"","footnotes":""},"class_list":["post-95","page","type-page","status-publish","hentry"],"yoast_head":"<!-- This site is optimized with the Yoast SEO plugin v26.4 - https:\/\/yoast.com\/wordpress\/plugins\/seo\/ -->\n<title>Home - Dulce Cantera<\/title>\n<meta name=\"robots\" content=\"index, follow, max-snippet:-1, max-image-preview:large, max-video-preview:-1\" \/>\n<link rel=\"canonical\" href=\"https:\/\/dulcecantera.cl\/\" \/>\n<meta property=\"og:locale\" content=\"es_ES\" \/>\n<meta property=\"og:type\" content=\"article\" \/>\n<meta property=\"og:title\" content=\"Home - Dulce Cantera\" \/>\n<meta property=\"og:url\" content=\"https:\/\/dulcecantera.cl\/\" \/>\n<meta property=\"og:site_name\" content=\"Dulce Cantera\" \/>\n<meta property=\"article:modified_time\" content=\"2025-07-31T03:28:15+00:00\" \/>\n<meta name=\"twitter:card\" content=\"summary_large_image\" \/>\n<meta name=\"twitter:label1\" content=\"Tiempo de lectura\" \/>\n\t<meta name=\"twitter:data1\" content=\"4 minutos\" \/>\n<script type=\"application\/ld+json\" class=\"yoast-schema-graph\">{\"@context\":\"https:\/\/schema.org\",\"@graph\":[{\"@type\":\"WebPage\",\"@id\":\"https:\/\/dulcecantera.cl\/\",\"url\":\"https:\/\/dulcecantera.cl\/\",\"name\":\"Home - Dulce Cantera\",\"isPartOf\":{\"@id\":\"https:\/\/dulcecantera.cl\/#website\"},\"datePublished\":\"2025-05-10T02:43:49+00:00\",\"dateModified\":\"2025-07-31T03:28:15+00:00\",\"breadcrumb\":{\"@id\":\"https:\/\/dulcecantera.cl\/#breadcrumb\"},\"inLanguage\":\"es\",\"potentialAction\":[{\"@type\":\"ReadAction\",\"target\":[\"https:\/\/dulcecantera.cl\/\"]}]},{\"@type\":\"BreadcrumbList\",\"@id\":\"https:\/\/dulcecantera.cl\/#breadcrumb\",\"itemListElement\":[{\"@type\":\"ListItem\",\"position\":1,\"name\":\"Portada\",\"item\":\"https:\/\/dulcecantera.cl\/\"},{\"@type\":\"ListItem\",\"position\":2,\"name\":\"Home\"}]},{\"@type\":\"WebSite\",\"@id\":\"https:\/\/dulcecantera.cl\/#website\",\"url\":\"https:\/\/dulcecantera.cl\/\",\"name\":\"Dulce Cantera\",\"description\":\"Bienvenidos a Dulce Cantera, las mejores empanadas de Santiago Centro\",\"publisher\":{\"@id\":\"https:\/\/dulcecantera.cl\/#organization\"},\"potentialAction\":[{\"@type\":\"SearchAction\",\"target\":{\"@type\":\"EntryPoint\",\"urlTemplate\":\"https:\/\/dulcecantera.cl\/?s={search_term_string}\"},\"query-input\":{\"@type\":\"PropertyValueSpecification\",\"valueRequired\":true,\"valueName\":\"search_term_string\"}}],\"inLanguage\":\"es\"},{\"@type\":\"Organization\",\"@id\":\"https:\/\/dulcecantera.cl\/#organization\",\"name\":\"Dulce Cantera\",\"url\":\"https:\/\/dulcecantera.cl\/\",\"logo\":{\"@type\":\"ImageObject\",\"inLanguage\":\"es\",\"@id\":\"https:\/\/dulcecantera.cl\/#\/schema\/logo\/image\/\",\"url\":\"http:\/\/dulcecantera.cl\/wp-content\/uploads\/2025\/05\/cropped-Logo-Dulce-Cantera.png\",\"contentUrl\":\"http:\/\/dulcecantera.cl\/wp-content\/uploads\/2025\/05\/cropped-Logo-Dulce-Cantera.png\",\"width\":599,\"height\":232,\"caption\":\"Dulce Cantera\"},\"image\":{\"@id\":\"https:\/\/dulcecantera.cl\/#\/schema\/logo\/image\/\"}}]}<\/script>\n<!-- \/ Yoast SEO plugin. -->","yoast_head_json":{"title":"Home - Dulce Cantera","robots":{"index":"index","follow":"follow","max-snippet":"max-snippet:-1","max-image-preview":"max-image-preview:large","max-video-preview":"max-video-preview:-1"},"canonical":"https:\/\/dulcecantera.cl\/","og_locale":"es_ES","og_type":"article","og_title":"Home - Dulce Cantera","og_url":"https:\/\/dulcecantera.cl\/","og_site_name":"Dulce Cantera","article_modified_time":"2025-07-31T03:28:15+00:00","twitter_card":"summary_large_image","twitter_misc":{"Tiempo de lectura":"4 minutos"},"schema":{"@context":"https:\/\/schema.org","@graph":[{"@type":"WebPage","@id":"https:\/\/dulcecantera.cl\/","url":"https:\/\/dulcecantera.cl\/","name":"Home - Dulce Cantera","isPartOf":{"@id":"https:\/\/dulcecantera.cl\/#website"},"datePublished":"2025-05-10T02:43:49+00:00","dateModified":"2025-07-31T03:28:15+00:00","breadcrumb":{"@id":"https:\/\/dulcecantera.cl\/#breadcrumb"},"inLanguage":"es","potentialAction":[{"@type":"ReadAction","target":["https:\/\/dulcecantera.cl\/"]}]},{"@type":"BreadcrumbList","@id":"https:\/\/dulcecantera.cl\/#breadcrumb","itemListElement":[{"@type":"ListItem","position":1,"name":"Portada","item":"https:\/\/dulcecantera.cl\/"},{"@type":"ListItem","position":2,"name":"Home"}]},{"@type":"WebSite","@id":"https:\/\/dulcecantera.cl\/#website","url":"https:\/\/dulcecantera.cl\/","name":"Dulce Cantera","description":"Bienvenidos a Dulce Cantera, las mejores empanadas de Santiago Centro","publisher":{"@id":"https:\/\/dulcecantera.cl\/#organization"},"potentialAction":[{"@type":"SearchAction","target":{"@type":"EntryPoint","urlTemplate":"https:\/\/dulcecantera.cl\/?s={search_term_string}"},"query-input":{"@type":"PropertyValueSpecification","valueRequired":true,"valueName":"search_term_string"}}],"inLanguage":"es"},{"@type":"Organization","@id":"https:\/\/dulcecantera.cl\/#organization","name":"Dulce Cantera","url":"https:\/\/dulcecantera.cl\/","logo":{"@type":"ImageObject","inLanguage":"es","@id":"https:\/\/dulcecantera.cl\/#\/schema\/logo\/image\/","url":"http:\/\/dulcecantera.cl\/wp-content\/uploads\/2025\/05\/cropped-Logo-Dulce-Cantera.png","contentUrl":"http:\/\/dulcecantera.cl\/wp-content\/uploads\/2025\/05\/cropped-Logo-Dulce-Cantera.png","width":599,"height":232,"caption":"Dulce Cantera"},"image":{"@id":"https:\/\/dulcecantera.cl\/#\/schema\/logo\/image\/"}}]}},"_links":{"self":[{"href":"http:\/\/dulcecantera.cl\/index.php?rest_route=\/wp\/v2\/pages\/95","targetHints":{"allow":["GET"]}}],"collection":[{"href":"http:\/\/dulcecantera.cl\/index.php?rest_route=\/wp\/v2\/pages"}],"about":[{"href":"http:\/\/dulcecantera.cl\/index.php?rest_route=\/wp\/v2\/types\/page"}],"author":[{"embeddable":true,"href":"http:\/\/dulcecantera.cl\/index.php?rest_route=\/wp\/v2\/users\/1"}],"replies":[{"embeddable":true,"href":"http:\/\/dulcecantera.cl\/index.php?rest_route=%2Fwp%2Fv2%2Fcomments&post=95"}],"version-history":[{"count":155,"href":"http:\/\/dulcecantera.cl\/index.php?rest_route=\/wp\/v2\/pages\/95\/revisions"}],"predecessor-version":[{"id":563,"href":"http:\/\/dulcecantera.cl\/index.php?rest_route=\/wp\/v2\/pages\/95\/revisions\/563"}],"wp:attachment":[{"href":"http:\/\/dulcecantera.cl\/index.php?rest_route=%2Fwp%2Fv2%2Fmedia&parent=95"}],"curies":[{"name":"wp","href":"https:\/\/api.w.org\/{rel}","templated":true}]}}