{"id":94,"date":"2025-05-10T02:43:49","date_gmt":"2025-05-10T02:43:49","guid":{"rendered":"http:\/\/dulcecantera.cl\/?page_id=94"},"modified":"2025-08-01T20:45:31","modified_gmt":"2025-08-01T20:45:31","slug":"about","status":"publish","type":"page","link":"https:\/\/dulcecantera.cl\/?page_id=94","title":{"rendered":"Nosotros"},"content":{"rendered":"\n\n\n\n\n\n\n<p>Lorem Ipsum has been the industry&#8217;s standard dummy text ever since the 1500s.<\/p>\n\n\nDulce Cantera parti\u00f3 el a\u00f1o 2019 como una microempresa familiar en las canteras,\n<p>en las cercan\u00edas de Colina. Inici\u00f3 como una f\u00e1brica de dulces, de ah\u00ed su nombre. Su fundador fue Rafael Rodr\u00edguez, quien con su experiencia en el rubro de la pasteler\u00eda comenz\u00f3 el negocio junto a una de sus hijas.<\/p>\n<p>Un d\u00eda Francisco Avenda\u00f1o, actual socio de la empresa, le propuso a Rafael hacer empanadas para su negocio. Lo que cambi\u00f3 el rumbo de Dulce Cantera.&nbsp;<\/p>\n\n\n\n\n<p>En julio de 2022 se inicia la producci\u00f3n de empanadas y ya en agosto del mismo a\u00f1o se abri\u00f3 el local en Valent\u00edn Letelier 1391, comenzando la atenci\u00f3n al p\u00fablico.<\/p>\n<p>Ya para el a\u00f1o 2025 se abri\u00f3 una segunda sucursal en calle Zenteno 1199, donde se traslad\u00f3 la f\u00e1brica de masas y pinos.  Hoy en d\u00eda toda la producci\u00f3n se realiza en Zenteno, incluyendo los almuerzos para el men\u00fa que Dulce Cantera ofrece a sus clientes.<br><\/p>\n\n\n\n\n\n\n\n<strong>Equipo<\/strong>\n\n\n\n\n<p>En Dulce Cantera trabajan alrededor de ocho a diez personas, dependiendo de la demanda. En temporada alta, como Fiestas Patrias, se requiere apoyo para la producci\u00f3n de empanadas.<\/p>\n\n\n\n\n\n\n\n\n\nRAFAEL RODR\u00cdGUEZ\n<p>(FUNDADOR Y SOCIO)<\/p>\n\n\n\n\n\nFRANCISCO AVENDA\u00d1O\n<p>( SOCIO)<\/p>\n\n\n\n\n\n\n\n\n<p>Misi\u00f3n y visi\u00f3n<\/p>\n\n\n\n\n<H3><P>Misi\u00f3n : <\/P><\/H3><p>Entregar un servicio y productos de excelencia a nuestra clientela, lo que se ve reflejado en en la calidad de, principalmente, nuestras empanadas. Buscamos que nuestros clientes se sientan conformes con la atenci\u00f3n de Dulce Cantera y lo que ofrecemos.<\/p>\n\n\n\n\n<h3><p>Misi\u00f3n : <\/p><\/h3><p>Ser una empresa l\u00edder en el mercado, reconocida por la calidad de su atenci\u00f3n, de sus productos y por su capacidad de innovaci\u00f3n. Buscamos posicionarnos como uno de los locales de empanadas m\u00e1s reconocidos de la Regi\u00f3n Metropolitana.<\/p>\n\n\n\n\n<p>Valores<\/p>\n\n\n\n\n<BR>\n<p>Los valores que gu\u00edan nuestro trabajo se basan en la dedicaci\u00f3n y en las relaciones que cultivamos con nuestros empleados y clientes. Nuestra filosof\u00eda se sustenta en la honestidad, la responsabilidad, el trabajo en equipo, la calidad, la innovaci\u00f3n, la sostenibilidad y la transparencia.<\/p>\n\n\n\n\n\n\n\n\n\n\n<p>Lorem Ipsum has been the industry&#8217;s standard dummy text ever since the 1500s.<\/p>\n<p>Lorem Ipsum has been the industry&#8217;s standard dummy text ever since the 1500s.<\/p>\n\n\n<p>Lorem Ipsum has been the industry&#8217;s standard dummy text ever since the 1500s.<\/p>\n<p>Lorem Ipsum has been the industry&#8217;s standard dummy text ever since the 1500s.<\/p>\n\n\n<p>Lorem Ipsum has been the industry&#8217;s standard dummy text ever since the 1500s.<\/p>\n<p>Lorem Ipsum has been the industry&#8217;s standard dummy text ever since the 1500s.<\/p>\n\n\n<p>Lorem Ipsum has been the industry&#8217;s standard dummy text ever since the 1500s.<\/p>\n<p>Lorem Ipsum has been the industry&#8217;s standard dummy text ever since the 1500s.<\/p>\n\n\n","protected":false},"excerpt":{"rendered":"","protected":false},"author":1,"featured_media":0,"parent":0,"menu_order":0,"comment_status":"closed","ping_status":"closed","template":"","meta":{"pagelayer_contact_templates":[],"_pagelayer_content":"","footnotes":""},"class_list":["post-94","page","type-page","status-publish","hentry"],"yoast_head":"<!-- This site is optimized with the Yoast SEO plugin v26.4 - https:\/\/yoast.com\/wordpress\/plugins\/seo\/ -->\n<title>Nosotros - Dulce Cantera<\/title>\n<meta name=\"robots\" content=\"index, follow, max-snippet:-1, max-image-preview:large, max-video-preview:-1\" \/>\n<link rel=\"canonical\" href=\"http:\/\/dulcecantera.cl\/?page_id=94\" \/>\n<meta property=\"og:locale\" content=\"es_ES\" \/>\n<meta property=\"og:type\" content=\"article\" \/>\n<meta property=\"og:title\" content=\"Nosotros - Dulce Cantera\" \/>\n<meta property=\"og:url\" content=\"http:\/\/dulcecantera.cl\/?page_id=94\" \/>\n<meta property=\"og:site_name\" content=\"Dulce Cantera\" \/>\n<meta property=\"article:modified_time\" content=\"2025-08-01T20:45:31+00:00\" \/>\n<meta name=\"twitter:card\" content=\"summary_large_image\" \/>\n<meta name=\"twitter:label1\" content=\"Tiempo de lectura\" \/>\n\t<meta name=\"twitter:data1\" content=\"4 minutos\" \/>\n<script type=\"application\/ld+json\" class=\"yoast-schema-graph\">{\"@context\":\"https:\/\/schema.org\",\"@graph\":[{\"@type\":\"WebPage\",\"@id\":\"http:\/\/dulcecantera.cl\/?page_id=94\",\"url\":\"http:\/\/dulcecantera.cl\/?page_id=94\",\"name\":\"Nosotros - Dulce Cantera\",\"isPartOf\":{\"@id\":\"https:\/\/dulcecantera.cl\/#website\"},\"datePublished\":\"2025-05-10T02:43:49+00:00\",\"dateModified\":\"2025-08-01T20:45:31+00:00\",\"breadcrumb\":{\"@id\":\"http:\/\/dulcecantera.cl\/?page_id=94#breadcrumb\"},\"inLanguage\":\"es\",\"potentialAction\":[{\"@type\":\"ReadAction\",\"target\":[\"http:\/\/dulcecantera.cl\/?page_id=94\"]}]},{\"@type\":\"BreadcrumbList\",\"@id\":\"http:\/\/dulcecantera.cl\/?page_id=94#breadcrumb\",\"itemListElement\":[{\"@type\":\"ListItem\",\"position\":1,\"name\":\"Portada\",\"item\":\"https:\/\/dulcecantera.cl\/\"},{\"@type\":\"ListItem\",\"position\":2,\"name\":\"Nosotros\"}]},{\"@type\":\"WebSite\",\"@id\":\"https:\/\/dulcecantera.cl\/#website\",\"url\":\"https:\/\/dulcecantera.cl\/\",\"name\":\"Dulce Cantera\",\"description\":\"Bienvenidos a Dulce Cantera, las mejores empanadas de Santiago Centro\",\"publisher\":{\"@id\":\"https:\/\/dulcecantera.cl\/#organization\"},\"potentialAction\":[{\"@type\":\"SearchAction\",\"target\":{\"@type\":\"EntryPoint\",\"urlTemplate\":\"https:\/\/dulcecantera.cl\/?s={search_term_string}\"},\"query-input\":{\"@type\":\"PropertyValueSpecification\",\"valueRequired\":true,\"valueName\":\"search_term_string\"}}],\"inLanguage\":\"es\"},{\"@type\":\"Organization\",\"@id\":\"https:\/\/dulcecantera.cl\/#organization\",\"name\":\"Dulce Cantera\",\"url\":\"https:\/\/dulcecantera.cl\/\",\"logo\":{\"@type\":\"ImageObject\",\"inLanguage\":\"es\",\"@id\":\"https:\/\/dulcecantera.cl\/#\/schema\/logo\/image\/\",\"url\":\"https:\/\/dulcecantera.cl\/wp-content\/uploads\/2025\/05\/cropped-Logo-Dulce-Cantera.png\",\"contentUrl\":\"https:\/\/dulcecantera.cl\/wp-content\/uploads\/2025\/05\/cropped-Logo-Dulce-Cantera.png\",\"width\":599,\"height\":232,\"caption\":\"Dulce Cantera\"},\"image\":{\"@id\":\"https:\/\/dulcecantera.cl\/#\/schema\/logo\/image\/\"}}]}<\/script>\n<!-- \/ Yoast SEO plugin. -->","yoast_head_json":{"title":"Nosotros - Dulce Cantera","robots":{"index":"index","follow":"follow","max-snippet":"max-snippet:-1","max-image-preview":"max-image-preview:large","max-video-preview":"max-video-preview:-1"},"canonical":"http:\/\/dulcecantera.cl\/?page_id=94","og_locale":"es_ES","og_type":"article","og_title":"Nosotros - Dulce Cantera","og_url":"http:\/\/dulcecantera.cl\/?page_id=94","og_site_name":"Dulce Cantera","article_modified_time":"2025-08-01T20:45:31+00:00","twitter_card":"summary_large_image","twitter_misc":{"Tiempo de lectura":"4 minutos"},"schema":{"@context":"https:\/\/schema.org","@graph":[{"@type":"WebPage","@id":"http:\/\/dulcecantera.cl\/?page_id=94","url":"http:\/\/dulcecantera.cl\/?page_id=94","name":"Nosotros - Dulce Cantera","isPartOf":{"@id":"https:\/\/dulcecantera.cl\/#website"},"datePublished":"2025-05-10T02:43:49+00:00","dateModified":"2025-08-01T20:45:31+00:00","breadcrumb":{"@id":"http:\/\/dulcecantera.cl\/?page_id=94#breadcrumb"},"inLanguage":"es","potentialAction":[{"@type":"ReadAction","target":["http:\/\/dulcecantera.cl\/?page_id=94"]}]},{"@type":"BreadcrumbList","@id":"http:\/\/dulcecantera.cl\/?page_id=94#breadcrumb","itemListElement":[{"@type":"ListItem","position":1,"name":"Portada","item":"https:\/\/dulcecantera.cl\/"},{"@type":"ListItem","position":2,"name":"Nosotros"}]},{"@type":"WebSite","@id":"https:\/\/dulcecantera.cl\/#website","url":"https:\/\/dulcecantera.cl\/","name":"Dulce Cantera","description":"Bienvenidos a Dulce Cantera, las mejores empanadas de Santiago Centro","publisher":{"@id":"https:\/\/dulcecantera.cl\/#organization"},"potentialAction":[{"@type":"SearchAction","target":{"@type":"EntryPoint","urlTemplate":"https:\/\/dulcecantera.cl\/?s={search_term_string}"},"query-input":{"@type":"PropertyValueSpecification","valueRequired":true,"valueName":"search_term_string"}}],"inLanguage":"es"},{"@type":"Organization","@id":"https:\/\/dulcecantera.cl\/#organization","name":"Dulce Cantera","url":"https:\/\/dulcecantera.cl\/","logo":{"@type":"ImageObject","inLanguage":"es","@id":"https:\/\/dulcecantera.cl\/#\/schema\/logo\/image\/","url":"https:\/\/dulcecantera.cl\/wp-content\/uploads\/2025\/05\/cropped-Logo-Dulce-Cantera.png","contentUrl":"https:\/\/dulcecantera.cl\/wp-content\/uploads\/2025\/05\/cropped-Logo-Dulce-Cantera.png","width":599,"height":232,"caption":"Dulce Cantera"},"image":{"@id":"https:\/\/dulcecantera.cl\/#\/schema\/logo\/image\/"}}]}},"_links":{"self":[{"href":"https:\/\/dulcecantera.cl\/index.php?rest_route=\/wp\/v2\/pages\/94","targetHints":{"allow":["GET"]}}],"collection":[{"href":"https:\/\/dulcecantera.cl\/index.php?rest_route=\/wp\/v2\/pages"}],"about":[{"href":"https:\/\/dulcecantera.cl\/index.php?rest_route=\/wp\/v2\/types\/page"}],"author":[{"embeddable":true,"href":"https:\/\/dulcecantera.cl\/index.php?rest_route=\/wp\/v2\/users\/1"}],"replies":[{"embeddable":true,"href":"https:\/\/dulcecantera.cl\/index.php?rest_route=%2Fwp%2Fv2%2Fcomments&post=94"}],"version-history":[{"count":55,"href":"https:\/\/dulcecantera.cl\/index.php?rest_route=\/wp\/v2\/pages\/94\/revisions"}],"predecessor-version":[{"id":561,"href":"https:\/\/dulcecantera.cl\/index.php?rest_route=\/wp\/v2\/pages\/94\/revisions\/561"}],"wp:attachment":[{"href":"https:\/\/dulcecantera.cl\/index.php?rest_route=%2Fwp%2Fv2%2Fmedia&parent=94"}],"curies":[{"name":"wp","href":"https:\/\/api.w.org\/{rel}","templated":true}]}}